{"id":18,"date":"2017-12-19T15:22:37","date_gmt":"2017-12-19T14:22:37","guid":{"rendered":"http:\/\/cdafal68.eu\/?page_id=18"},"modified":"2019-02-07T10:01:18","modified_gmt":"2019-02-07T09:01:18","slug":"contact","status":"publish","type":"page","link":"https:\/\/cdafal68.eu\/index.php\/contact\/","title":{"rendered":"Nous contacter"},"content":{"rendered":"<p>Le CDAFAL 68 est situ\u00e9 au c\u0153ur du quartier Wagner \u00e0 Mulhouse, tr\u00e8s facile d&rsquo;acc\u00e8s depuis l&rsquo;arr\u00eat de tram \u00ab\u00a0Mus\u00e9e de l&rsquo;Auto\u00a0\u00bb.<\/p>\n<p>Adresse : 3 rue Georges Risler, 68100 Mulhouse.<\/p>\n<p>N\u00b0 de t\u00e9l : 03.89.42.85.20<\/p>\n<p>Mail : cdafal68.secretariat@gmail.com<\/p>\n<p><code><iframe src=\"https:\/\/www.google.com\/maps\/embed?pb=!1m14!1m8!1m3!1d1341.022382282628!2d7.339099680530265!3d47.761186065508774!3m2!1i1024!2i768!4f13.1!3m3!1m2!1s0x47919b7945ce6071%3A0x9daff67f145314e7!2sCDAFAL+68!5e0!3m2!1sfr!2sfr!4v1549529808609\" width=\"600\" height=\"450\" frameborder=\"0\" style=\"border:0\" allowfullscreen><\/iframe><\/code><\/p>\n","protected":false},"excerpt":{"rendered":"<p>Le CDAFAL 68 est situ\u00e9 au c\u0153ur du quartier Wagner \u00e0 Mulhouse, tr\u00e8s facile d&rsquo;acc\u00e8s depuis l&rsquo;arr\u00eat de tram \u00ab\u00a0Mus\u00e9e de l&rsquo;Auto\u00a0\u00bb. Adresse : 3 rue Georges Risler, 68100 Mulhouse. N\u00b0 de t\u00e9l : 03.89.42.85.20 Mail : cdafal68.secretariat@gmail.com<\/p>\n","protected":false},"author":1,"featured_media":0,"parent":0,"menu_order":0,"comment_status":"closed","ping_status":"closed","template":"","meta":{"footnotes":""},"_links":{"self":[{"href":"https:\/\/cdafal68.eu\/index.php\/wp-json\/wp\/v2\/pages\/18"}],"collection":[{"href":"https:\/\/cdafal68.eu\/index.php\/wp-json\/wp\/v2\/pages"}],"about":[{"href":"https:\/\/cdafal68.eu\/index.php\/wp-json\/wp\/v2\/types\/page"}],"author":[{"embeddable":true,"href":"https:\/\/cdafal68.eu\/index.php\/wp-json\/wp\/v2\/users\/1"}],"replies":[{"embeddable":true,"href":"https:\/\/cdafal68.eu\/index.php\/wp-json\/wp\/v2\/comments?post=18"}],"version-history":[{"count":5,"href":"https:\/\/cdafal68.eu\/index.php\/wp-json\/wp\/v2\/pages\/18\/revisions"}],"predecessor-version":[{"id":397,"href":"https:\/\/cdafal68.eu\/index.php\/wp-json\/wp\/v2\/pages\/18\/revisions\/397"}],"wp:attachment":[{"href":"https:\/\/cdafal68.eu\/index.php\/wp-json\/wp\/v2\/media?parent=18"}],"curies":[{"name":"wp","href":"https:\/\/api.w.org\/{rel}","templated":true}]}}