{"id":17,"date":"2017-12-19T15:22:37","date_gmt":"2017-12-19T14:22:37","guid":{"rendered":"http:\/\/cdafal68.eu\/?page_id=17"},"modified":"2021-03-04T16:13:44","modified_gmt":"2021-03-04T15:13:44","slug":"a-propos-de","status":"publish","type":"page","link":"https:\/\/cdafal68.eu\/index.php\/a-propos-de\/","title":{"rendered":"Mentions L\u00e9gales"},"content":{"rendered":"<h2>Qui sommes-nous?\/ Mentions L\u00e9gales.<\/h2>\n<h4><strong>CDAFAL: Conseil d\u00e9partemental des Associations familiales la\u00efques du Haut-Rhin.<\/strong><\/h4>\n<p>Le CDAFAL est une association familiale dont les objectifs sont la promotion et la d\u00e9fense de la la\u00efcit\u00e9, la d\u00e9fense des int\u00e9r\u00eats moraux et mat\u00e9riels des familles, l\u2019acc\u00e8s aux droits dans tous les domaines et notamment dans le champ social.<br \/>\nL\u2019implantation de l\u2019association au c\u0153ur d\u2019un quartier relevant de la Politique de la ville, et son implication dans les Conseils citoyens et participatifs, r\u00e9pond \u00e0 la n\u00e9cessit\u00e9 de la pr\u00e9sence d\u2019acteurs associatifs sensibles aux probl\u00e9matiques soci\u00e9tales.<\/p>\n<p>A travers nos diverses actions, aussi bien dans l\u2019espace public que dans la sph\u00e8re priv\u00e9e, nous sommes acteurs de la cause familiale.<\/p>\n<p>Nos objectifs sont principalement:<\/p>\n<ul>\n<li>La d\u00e9fense des int\u00e9r\u00eats des familles et des individus.<\/li>\n<li>L\u2019acc\u00e8s aux droits.<\/li>\n<li>La d\u00e9fense des familles consommatrices dans le domaine de l\u2019\u00e9nergie, du transport de la sant\u00e9, de l\u2019alimentation et du logement, la protection de la nature et de l\u2019environnement.<\/li>\n<li>La diffusion des connaissances, le d\u00e9veloppement de l\u2019acc\u00e8s \u00e0 la Culture, de l\u2019utilisation \u00e9ducative du temps libre, des loisirs et des vacances.<\/li>\n<li>La lutte contre l\u2019Illettrisme et l\u2019Illectronisme facteurs d\u2019exclusion.<\/li>\n<li>L\u2019accueil et l\u2019accompagnement social des personnes en grande difficult\u00e9.<\/li>\n<\/ul>\n<p>Nous veillons \u00e0\u00a0:<\/p>\n<ul>\n<li>Sensibiliser sur les violences intra-familiales et aux femmes.<\/li>\n<li>R\u00e9pondre aux demandes de soutien et instaurer la confiance avec les familles.<\/li>\n<li>Apporter aide et soutien \u00e0 la fonction parentale.<\/li>\n<li>Installer un suivi permettant de cr\u00e9er l\u2019espace n\u00e9cessaire \u00e0 l\u2019\u00e9change et \u00e0 la parole.<\/li>\n<\/ul>\n<p>Nous organisons\u00a0:<\/p>\n<ul>\n<li>Un accueil social pour aider les personnes pour la r\u00e9daction des dossiers administratifs, la traduction.<\/li>\n<li>Une aide aux personnes par la distribution de colis alimentaires.<\/li>\n<li>Des formations\u00a0: ateliers des Savoirs de base, ateliers sociolinguistiques, ateliers informatiques, de langue, d\u2019aide aux devoirs.<\/li>\n<li>La pr\u00e9vention dans le domaine de la sant\u00e9 par l\u2019organisation d\u2019Ateliers Sant\u00e9.<\/li>\n<li>L\u2019aide aux familles pour d\u00e9fendre leurs droits dans le dans le domaine du logement, de la sant\u00e9, de l\u2019alimentation, du cadre de vie.<\/li>\n<li>Des vacances avec et pour les familles, des sorties familiales, des visites culturelles et r\u00e9cr\u00e9atives.<\/li>\n<\/ul>\n<h2>Mentions L\u00e9gales:<\/h2>\n<p><strong>CDAFAL 68<\/strong><\/p>\n<p><strong>C<\/strong>onseil <strong>d<\/strong>\u00e9partemental des <strong>a<\/strong>ssociations <strong>f<\/strong>amiliales <strong>l<\/strong>a\u00efques du Haut-Rhin<\/p>\n<p>Adresse : 3 rue Georges Risler, 68100 Mulhouse<\/p>\n<p>T\u00e9l. 03.89.42.85.20<\/p>\n<p>Mail : <a href=\"mailto:cdafal68.secretariat@gmail.com\">cdafal68.secretariat@gmail.com<\/a><\/p>\n<p>Association de droit local<\/p>\n<p>Registre des Associations : LXXI Folio 37<\/p>\n<p>Directrice de la publication : Christiane Kobel<\/p>\n<p>H\u00e9bergement : OVH, 2 rue Kellermann, 59100 Roubaix<\/p>\n<p>R\u00e9daction : Mathieu Greiner, Christiane Kobel<\/p>\n<p>Webmaster : Christian Glusak<\/p>\n<p>Le site autorise tout site Internet ou tout autre support \u00e0 le citer ou \u00e0 mettre en place un lien hypertexte pointant vers son contenu, \u00e0 l\u2019exception de ceux diffusant des informations \u00e0 caract\u00e8re pol\u00e9mique, pornographique, x\u00e9nophobe ou pouvant, dans une plus large mesure porter atteinte \u00e0 la sensibilit\u00e9 du plus grand nombre.<\/p>\n<p><strong>Donn\u00e9es personnelles<\/strong><br \/>\nConform\u00e9ment \u00e0 la loi Informatique et Libert\u00e9s du 6 Janvier 1978, les donn\u00e9es personnelles communiqu\u00e9es ne sont collect\u00e9es qu\u2019aux seules fins d\u2019abonnement \u00e0 nos publications ou d\u2019adh\u00e9sion \u00e0 l&rsquo; Association .<br \/>\nVous disposez d\u2019un droit d\u2019acc\u00e8s, de rectification, de modification et de suppression de toutes vos donn\u00e9es personnelles (article 34 de la loi \u00ab Informatique et Libert\u00e9s \u00bb du 6 janvier 1978).<br \/>\nVous pouvez exercer ce droit en envoyant un courriel \u00e0 l&rsquo;association.<\/p>\n<p style=\"padding-left: 30px;\">\n","protected":false},"excerpt":{"rendered":"<p>Qui sommes-nous?\/ Mentions L\u00e9gales. CDAFAL: Conseil d\u00e9partemental des Associations familiales la\u00efques du Haut-Rhin. Le CDAFAL est une association familiale dont les objectifs sont la promotion et la d\u00e9fense de la la\u00efcit\u00e9, la d\u00e9fense des int\u00e9r\u00eats moraux et mat\u00e9riels des familles, l\u2019acc\u00e8s aux droits dans tous les domaines et notamment dans le champ social. L\u2019implantation de [&hellip;]<\/p>\n","protected":false},"author":1,"featured_media":13,"parent":0,"menu_order":0,"comment_status":"closed","ping_status":"closed","template":"","meta":{"footnotes":""},"_links":{"self":[{"href":"https:\/\/cdafal68.eu\/index.php\/wp-json\/wp\/v2\/pages\/17"}],"collection":[{"href":"https:\/\/cdafal68.eu\/index.php\/wp-json\/wp\/v2\/pages"}],"about":[{"href":"https:\/\/cdafal68.eu\/index.php\/wp-json\/wp\/v2\/types\/page"}],"author":[{"embeddable":true,"href":"https:\/\/cdafal68.eu\/index.php\/wp-json\/wp\/v2\/users\/1"}],"replies":[{"embeddable":true,"href":"https:\/\/cdafal68.eu\/index.php\/wp-json\/wp\/v2\/comments?post=17"}],"version-history":[{"count":20,"href":"https:\/\/cdafal68.eu\/index.php\/wp-json\/wp\/v2\/pages\/17\/revisions"}],"predecessor-version":[{"id":1738,"href":"https:\/\/cdafal68.eu\/index.php\/wp-json\/wp\/v2\/pages\/17\/revisions\/1738"}],"wp:featuredmedia":[{"embeddable":true,"href":"https:\/\/cdafal68.eu\/index.php\/wp-json\/wp\/v2\/media\/13"}],"wp:attachment":[{"href":"https:\/\/cdafal68.eu\/index.php\/wp-json\/wp\/v2\/media?parent=17"}],"curies":[{"name":"wp","href":"https:\/\/api.w.org\/{rel}","templated":true}]}}